{"id":174,"date":"2021-03-06T17:16:14","date_gmt":"2021-03-06T16:16:14","guid":{"rendered":"https:\/\/www.ergopunktamkanal.v22017024271044268.hotsrv.de\/?page_id=174"},"modified":"2021-05-15T20:00:26","modified_gmt":"2021-05-15T18:00:26","slug":"kontakt","status":"publish","type":"page","link":"https:\/\/www.ergopunktamkanal.de\/index.php\/kontakt\/","title":{"rendered":"Kontakt"},"content":{"rendered":"<p>[et_pb_section fb_built=&#8220;1&#8243; admin_label=&#8220;section&#8220; _builder_version=&#8220;4.9.4&#8243; background_image=&#8220;https:\/\/www.ergopunktamkanal.de\/wp-content\/uploads\/2021\/03\/ergopunktamkanal-kontakt1.jpg&#8220; height=&#8220;1000px&#8220; hover_enabled=&#8220;0&#8243; title_text=&#8220;ergopunktamkanal-kontakt1&#8243; sticky_enabled=&#8220;0&#8243;][et_pb_row admin_label=&#8220;row&#8220; _builder_version=&#8220;3.25&#8243; background_size=&#8220;initial&#8220; background_position=&#8220;top_left&#8220; background_repeat=&#8220;repeat&#8220;][et_pb_column type=&#8220;4_4&#8243; _builder_version=&#8220;3.25&#8243; custom_padding=&#8220;|||&#8220; custom_padding__hover=&#8220;|||&#8220;][\/et_pb_column][\/et_pb_row][\/et_pb_section][et_pb_section fb_built=&#8220;1&#8243; _builder_version=&#8220;4.9.2&#8243; _module_preset=&#8220;default&#8220; background_color=&#8220;#1a1a1a&#8220;][et_pb_row column_structure=&#8220;1_3,1_3,1_3&#8243; _builder_version=&#8220;4.9.2&#8243; _module_preset=&#8220;default&#8220;][et_pb_column type=&#8220;1_3&#8243; _builder_version=&#8220;4.9.2&#8243; _module_preset=&#8220;default&#8220;][et_pb_text _builder_version=&#8220;4.9.4&#8243; _module_preset=&#8220;default&#8220; text_font_size=&#8220;21px&#8220; text_line_height=&#8220;1.4em&#8220; custom_margin=&#8220;-8px|||||&#8220; text_font_size_tablet=&#8220;&#8220; text_font_size_phone=&#8220;20px&#8220; text_font_size_last_edited=&#8220;on|phone&#8220;]<\/p>\n<p>ErgoPunkt am Kanal<br \/>Wainsdorfer Stra\u00dfe 4<br \/>01609 Gr\u00f6ditz<\/p>\n<p>[\/et_pb_text][\/et_pb_column][et_pb_column type=&#8220;1_3&#8243; _builder_version=&#8220;4.9.2&#8243; _module_preset=&#8220;default&#8220;][et_pb_text _builder_version=&#8220;4.9.4&#8243; _module_preset=&#8220;default&#8220; text_font_size=&#8220;21px&#8220; text_line_height=&#8220;1.4em&#8220; text_font_size_tablet=&#8220;&#8220; text_font_size_phone=&#8220;20px&#8220; text_font_size_last_edited=&#8220;on|desktop&#8220;]<\/p>\n<p><a href=\"mailto:praxis@ergopunktamkanal.de\">praxis@ergopunktamkanal.de<\/a><br \/>Tel.: 035263 656802<\/p>\n<p>[\/et_pb_text][\/et_pb_column][et_pb_column type=&#8220;1_3&#8243; _builder_version=&#8220;4.9.2&#8243; _module_preset=&#8220;default&#8220;][et_pb_image src=&#8220;https:\/\/www.ergopunktamkanal.v22017024271044268.hotsrv.de\/wp-content\/uploads\/2021\/04\/signet-ergopunktamkanal.png&#8220; title_text=&#8220;signet-ergopunktamkanal&#8220; align=&#8220;right&#8220; _builder_version=&#8220;4.9.4&#8243; _module_preset=&#8220;default&#8220; transform_scale=&#8220;56%|56%&#8220; transform_translate=&#8220;31px|-99px&#8220; width=&#8220;69%&#8220; max_width=&#8220;70%&#8220; min_height=&#8220;100px&#8220; custom_margin=&#8220;9px||-7px|5px|false|false&#8220; custom_padding=&#8220;0px||0px|||&#8220;][\/et_pb_image][\/et_pb_column][\/et_pb_row][\/et_pb_section][et_pb_section fb_built=&#8220;1&#8243; _builder_version=&#8220;4.9.2&#8243; _module_preset=&#8220;default&#8220; background_color=&#8220;#1a1a1a&#8220; custom_margin=&#8220;||-153px|||&#8220; custom_padding=&#8220;0px||0px|||&#8220;][et_pb_row _builder_version=&#8220;4.9.2&#8243; _module_preset=&#8220;default&#8220; width=&#8220;100%&#8220; height=&#8220;100px&#8220; max_height=&#8220;1000px&#8220; hover_enabled=&#8220;0&#8243; sticky_enabled=&#8220;0&#8243;][et_pb_column type=&#8220;4_4&#8243; _builder_version=&#8220;4.9.2&#8243; _module_preset=&#8220;default&#8220; hover_enabled=&#8220;0&#8243; sticky_enabled=&#8220;0&#8243;][\/et_pb_column][\/et_pb_row][\/et_pb_section][et_pb_section fb_built=&#8220;1&#8243; admin_label=&#8220;section&#8220; _builder_version=&#8220;4.9.4&#8243; background_image=&#8220;https:\/\/www.ergopunktamkanal.de\/wp-content\/uploads\/2021\/03\/ergopunktamkanal-vonoben1.jpg&#8220; min_height=&#8220;1000px&#8220; height=&#8220;1000px&#8220; custom_margin=&#8220;-61px||0px||false|false&#8220; custom_padding=&#8220;||50px||false|false&#8220; title_text=&#8220;ergopunktamkanal-vonoben1&#8243;][\/et_pb_section][et_pb_section fb_built=&#8220;1&#8243; _builder_version=&#8220;4.9.2&#8243; _module_preset=&#8220;default&#8220; background_color=&#8220;#1a1a1a&#8220; height=&#8220;157px&#8220; custom_padding=&#8220;51px|||||&#8220;][et_pb_row column_structure=&#8220;3_4,1_4&#8243; _builder_version=&#8220;4.9.2&#8243; _module_preset=&#8220;default&#8220; custom_padding=&#8220;10px|||||&#8220;][et_pb_column type=&#8220;3_4&#8243; _builder_version=&#8220;4.9.2&#8243; _module_preset=&#8220;default&#8220;][et_pb_text _builder_version=&#8220;4.9.4&#8243; _module_preset=&#8220;default&#8220; text_font_size=&#8220;24px&#8220; text_line_height=&#8220;1.4em&#8220; background_color=&#8220;RGBA(0,0,0,0)&#8220; custom_padding=&#8220;2px|||||&#8220; text_font_size_tablet=&#8220;&#8220; text_font_size_phone=&#8220;20px&#8220; text_font_size_last_edited=&#8220;on|phone&#8220;]<\/p>\n<p>In Gr\u00f6ditz sind wir der<br \/>Ergo (Treff) Punkt <b><i>am Kanal<\/i><\/b><\/p>\n<p><b>\u00a0<\/b>\u2013 alles klar?<\/p>\n<p>[\/et_pb_text][\/et_pb_column][et_pb_column type=&#8220;1_4&#8243; _builder_version=&#8220;4.9.2&#8243; _module_preset=&#8220;default&#8220;][et_pb_image src=&#8220;https:\/\/www.ergopunktamkanal.v22017024271044268.hotsrv.de\/wp-content\/uploads\/2021\/04\/signet-ergopunktamkanal.png&#8220; title_text=&#8220;signet-ergopunktamkanal&#8220; _builder_version=&#8220;4.9.4&#8243; _module_preset=&#8220;default&#8220; width=&#8220;52%&#8220; module_alignment=&#8220;right&#8220; custom_margin=&#8220;||50px||false|false&#8220;][\/et_pb_image][\/et_pb_column][\/et_pb_row][\/et_pb_section][et_pb_section fb_built=&#8220;1&#8243; _builder_version=&#8220;4.9.2&#8243; _module_preset=&#8220;default&#8220; background_color=&#8220;#1a1a1a&#8220;][et_pb_row _builder_version=&#8220;4.9.2&#8243; _module_preset=&#8220;default&#8220;][et_pb_column type=&#8220;4_4&#8243; _builder_version=&#8220;4.9.2&#8243; _module_preset=&#8220;default&#8220;][et_pb_image src=&#8220;https:\/\/www.ergopunktamkanal.de\/wp-content\/uploads\/2021\/03\/ergopunktamkanal-kontakt-2-scaled.jpg&#8220; title_text=&#8220;ergopunktamkanal-kontakt-2&#8243; _builder_version=&#8220;4.9.4&#8243; _module_preset=&#8220;default&#8220; hover_enabled=&#8220;0&#8243; sticky_enabled=&#8220;0&#8243;][\/et_pb_image][\/et_pb_column][\/et_pb_row][et_pb_row column_structure=&#8220;1_2,1_2&#8243; _builder_version=&#8220;4.9.2&#8243; _module_preset=&#8220;default&#8220; custom_padding=&#8220;||0px|||&#8220;][et_pb_column type=&#8220;1_2&#8243; _builder_version=&#8220;4.9.2&#8243; _module_preset=&#8220;default&#8220;][et_pb_text _builder_version=&#8220;4.9.4&#8243; _module_preset=&#8220;default&#8220; text_font_size=&#8220;24px&#8220; background_color=&#8220;#141414&#8243; custom_padding=&#8220;6px|8px|6px|8px|true|true&#8220; text_font_size_tablet=&#8220;&#8220; text_font_size_phone=&#8220;20px&#8220; text_font_size_last_edited=&#8220;on|phone&#8220;]<\/p>\n<p>Da sind wir auch Mitglied!<\/p>\n<p>[\/et_pb_text][\/et_pb_column][et_pb_column type=&#8220;1_2&#8243; _builder_version=&#8220;4.9.2&#8243; _module_preset=&#8220;default&#8220;][et_pb_image src=&#8220;https:\/\/www.ergopunktamkanal.de\/wp-content\/uploads\/2021\/03\/kneip-verein-logo.png&#8220; title_text=&#8220;kneip-verein-logo&#8220; url=&#8220;https:\/\/www.kneippbund.de\/wo-ist-was-in-meiner-naehe\/kneipp-verein-bad-liebenwerda-alexandra-winter\/&#8220; align=&#8220;right&#8220; _builder_version=&#8220;4.9.4&#8243; _module_preset=&#8220;default&#8220; transform_translate=&#8220;-12px|-99px&#8220; custom_margin=&#8220;100px||||false|false&#8220; custom_margin_tablet=&#8220;&#8220; custom_margin_phone=&#8220;&#8220; custom_margin_last_edited=&#8220;on|tablet&#8220; hover_enabled=&#8220;0&#8243; sticky_enabled=&#8220;0&#8243;][\/et_pb_image][\/et_pb_column][\/et_pb_row][\/et_pb_section]<\/p>\n","protected":false},"excerpt":{"rendered":"<p>ErgoPunkt am KanalWainsdorfer Stra\u00dfe 401609 Gr\u00f6ditzpraxis@ergopunktamkanal.deTel.: 035263 656802In Gr\u00f6ditz sind wir derErgo (Treff) Punkt am Kanal \u00a0\u2013 alles klar?Da sind wir auch Mitglied!<\/p>\n","protected":false},"author":1,"featured_media":0,"parent":0,"menu_order":0,"comment_status":"closed","ping_status":"closed","template":"","meta":{"_et_pb_use_builder":"on","_et_pb_old_content":"","_et_gb_content_width":"","footnotes":""},"class_list":["post-174","page","type-page","status-publish","hentry"],"_links":{"self":[{"href":"https:\/\/www.ergopunktamkanal.de\/index.php\/wp-json\/wp\/v2\/pages\/174","targetHints":{"allow":["GET"]}}],"collection":[{"href":"https:\/\/www.ergopunktamkanal.de\/index.php\/wp-json\/wp\/v2\/pages"}],"about":[{"href":"https:\/\/www.ergopunktamkanal.de\/index.php\/wp-json\/wp\/v2\/types\/page"}],"author":[{"embeddable":true,"href":"https:\/\/www.ergopunktamkanal.de\/index.php\/wp-json\/wp\/v2\/users\/1"}],"replies":[{"embeddable":true,"href":"https:\/\/www.ergopunktamkanal.de\/index.php\/wp-json\/wp\/v2\/comments?post=174"}],"version-history":[{"count":21,"href":"https:\/\/www.ergopunktamkanal.de\/index.php\/wp-json\/wp\/v2\/pages\/174\/revisions"}],"predecessor-version":[{"id":969,"href":"https:\/\/www.ergopunktamkanal.de\/index.php\/wp-json\/wp\/v2\/pages\/174\/revisions\/969"}],"wp:attachment":[{"href":"https:\/\/www.ergopunktamkanal.de\/index.php\/wp-json\/wp\/v2\/media?parent=174"}],"curies":[{"name":"wp","href":"https:\/\/api.w.org\/{rel}","templated":true}]}}